{"id":302,"date":"2025-04-01T09:38:27","date_gmt":"2025-04-01T09:38:27","guid":{"rendered":"https:\/\/energyonstage.com\/nosaltres\/"},"modified":"2025-04-08T08:51:03","modified_gmt":"2025-04-08T08:51:03","slug":"nosaltres","status":"publish","type":"page","link":"https:\/\/energyonstage.com\/ca\/nosaltres\/","title":{"rendered":"Nosaltres"},"content":{"rendered":"<p>[et_pb_section fb_built=&#8221;1&#8243; admin_label=&#8221;Header&#8221; _builder_version=&#8221;4.20.2&#8243; _module_preset=&#8221;default&#8221; background_color=&#8221;#171717&#8243; collapsed=&#8221;on&#8221; global_colors_info=&#8221;{}&#8221;][et_pb_row _builder_version=&#8221;4.19.0&#8243; _module_preset=&#8221;default&#8221; global_colors_info=&#8221;{}&#8221;][et_pb_column type=&#8221;4_4&#8243; _builder_version=&#8221;4.19.0&#8243; _module_preset=&#8221;default&#8221; global_colors_info=&#8221;{}&#8221;][et_pb_text _builder_version=&#8221;4.19.0&#8243; _module_preset=&#8221;da4f9438-07b2-4150-aa4c-0ea9fc766c9d&#8221; global_colors_info=&#8221;{}&#8221;]<\/p>\n<h1>Nosaltres<\/h1>\n<p>[\/et_pb_text][\/et_pb_column][\/et_pb_row][et_pb_row _builder_version=&#8221;4.19.0&#8243; _module_preset=&#8221;default&#8221; global_colors_info=&#8221;{}&#8221;][et_pb_column type=&#8221;4_4&#8243; _builder_version=&#8221;4.19.0&#8243; _module_preset=&#8221;default&#8221; global_colors_info=&#8221;{}&#8221;][et_pb_text _builder_version=&#8221;4.19.1&#8243; _module_preset=&#8221;4c196ce2-1c47-4fa8-a5f2-638b068c1325&#8243; text_text_color=&#8221;RGBA(255,255,255,0.72)&#8221; custom_margin_tablet=&#8221;||30px||false|false&#8221; custom_margin_last_edited=&#8221;off|desktop&#8221; global_colors_info=&#8221;{}&#8221;]<\/p>\n<p class=\"font_8 wixui-rich-text__text\"><span class=\"wixui-rich-text__text\">Energy On Stage \u00e9s una empresa de nova creaci\u00f3, tot i que els seus integrants tenen 21 anys d&#8217;experi\u00e8ncia al m\u00f3n de les arts esc\u00e8niques al servei de productors musicals, promotors, administracions p\u00fabliques i particulars.<\/span><\/p>\n<p class=\"font_8 wixui-rich-text__text\"><span class=\"wixui-rich-text__text\">Oferim escenaris, tarimes, grades, tanques, cadires, equipament per a camerinos, etc, i un equip hum\u00e0 que duu a terme el muntatge i desmuntatge de les infraestructures que pot requerir qualsevol espectacle.<\/span><\/p>\n<p class=\"font_8 wixui-rich-text__text\"><span class=\"wixui-rich-text__text\">Disposem de material propi i treballem amb marques de primera l\u00ednia com Layher (principal fabricant d&#8217;estructures per a l&#8217;espectacle), a m\u00e9s de comptar amb tota la infraestructura necess\u00e0ria per donar resposta als nostres clients.<\/span><\/p>\n<p class=\"font_8 wixui-rich-text__text\"><span class=\"wixui-rich-text__text\">El nostre personal compleix tots els requisits per fer amb total garantia els treballs encomanats tant per la seva dilatada experi\u00e8ncia com per la seva formaci\u00f3, sempre actualitzada.<\/span><\/p>\n<p class=\"font_8 wixui-rich-text__text\"><span class=\"wixui-rich-text__text\">A nivell legal, disposem d\u00b4un equip de professionals al nostre servei per dur a terme els estudis d\u00b4enginyeria i mantenir tots els permisos al dia en mat\u00e8ria de riscos laborals, aix\u00ed com els certificats dels materials utilitzats.<\/span><\/p>\n<p class=\"font_8 wixui-rich-text__text\"><span class=\"wixui-rich-text__text\">Energy On Stage utilitza per als muntatges d&#8217;escenaris torres, graderies etc\u2026 el material dels principals fabricants com LAYHER i per la seva construcci\u00f3 \u00e9s destacable que tant l&#8217;estructura com la finalitzaci\u00f3 es fa \u00edntegrament amb el sistema EVLAYHER que correspon al sistema ALLROUND espec\u00edfic per a l&#8217;espectacle.<\/span><\/p>\n<p class=\"font_8 wixui-rich-text__text\"><span class=\"wixui-rich-text__text\">Energy On Stage posa a la disposici\u00f3 del client que aix\u00ed ho demani tots els certificats necessaris del material LAYHER constatant aix\u00ed la nostra professionalitat.<\/span><\/p>\n<p>[\/et_pb_text][\/et_pb_column][\/et_pb_row][\/et_pb_section][et_pb_section fb_built=&#8221;1&#8243; admin_label=&#8221;Video &#038; Stats&#8221; _builder_version=&#8221;4.20.2&#8243; _module_preset=&#8221;default&#8221; background_color=&#8221;#171717&#8243; collapsed=&#8221;on&#8221; global_colors_info=&#8221;{}&#8221;][et_pb_row _builder_version=&#8221;4.19.0&#8243; _module_preset=&#8221;default&#8221; custom_padding=&#8221;||0px||false|false&#8221; global_colors_info=&#8221;{}&#8221;][et_pb_column type=&#8221;4_4&#8243; _builder_version=&#8221;4.19.0&#8243; _module_preset=&#8221;default&#8221; global_colors_info=&#8221;{}&#8221;][et_pb_text _builder_version=&#8221;4.19.1&#8243; _module_preset=&#8221;d8a0c776-a4a9-41a6-96be-40267ad70953&#8243; z_index=&#8221;11&#8243; text_orientation=&#8221;center&#8221; custom_margin=&#8221;||||false|false&#8221; global_colors_info=&#8221;{}&#8221;]<\/p>\n<h2>La nostra traject\u00f2ria<\/h2>\n<p>[\/et_pb_text][et_pb_image src=&#8221;https:\/\/energyonstage.com\/wp-content\/uploads\/2025\/03\/grua5.jpg&#8221; title_text=&#8221;grua5&#8243; _builder_version=&#8221;4.27.4&#8243; _module_preset=&#8221;default&#8221; global_colors_info=&#8221;{}&#8221;][\/et_pb_image][\/et_pb_column][\/et_pb_row][et_pb_row column_structure=&#8221;1_4,1_4,1_4,1_4&#8243; custom_padding_last_edited=&#8221;on|desktop&#8221; _builder_version=&#8221;4.27.4&#8243; _module_preset=&#8221;default&#8221; background_enable_color=&#8221;off&#8221; use_background_color_gradient=&#8221;on&#8221; background_color_gradient_stops=&#8221;#ffffff 77%|rgba(196,196,196,0) 100%&#8221; custom_padding=&#8221;30px|30px|30px|30px|true|true&#8221; custom_padding_tablet=&#8221;|30px||30px|true|true&#8221; custom_padding_phone=&#8221;|20px||20px|false|true&#8221; global_colors_info=&#8221;{%22gcid-233cd77b-4711-403e-b130-11d9e5b5d115%22:%91%22background_color%22%93}&#8221;][et_pb_column type=&#8221;1_4&#8243; _builder_version=&#8221;4.19.0&#8243; _module_preset=&#8221;default&#8221; global_colors_info=&#8221;{}&#8221;][et_pb_number_counter title=&#8221;Anys treballant&#8221; number=&#8221;23&#8243; _builder_version=&#8221;4.27.4&#8243; _module_preset=&#8221;65f63569-3aec-472e-8539-1fe1195bc021&#8243; hover_enabled=&#8221;0&#8243; locked=&#8221;off&#8221; global_colors_info=&#8221;{}&#8221; sticky_enabled=&#8221;0&#8243;][\/et_pb_number_counter][\/et_pb_column][et_pb_column type=&#8221;1_4&#8243; _builder_version=&#8221;4.19.0&#8243; _module_preset=&#8221;default&#8221; global_colors_info=&#8221;{}&#8221;][et_pb_number_counter title=&#8221;Esdeveniments Completats&#8221; number=&#8221;2500&#8243; _builder_version=&#8221;4.27.4&#8243; _module_preset=&#8221;65f63569-3aec-472e-8539-1fe1195bc021&#8243; hover_enabled=&#8221;0&#8243; locked=&#8221;off&#8221; global_colors_info=&#8221;{}&#8221; sticky_enabled=&#8221;0&#8243;][\/et_pb_number_counter][\/et_pb_column][et_pb_column type=&#8221;1_4&#8243; _builder_version=&#8221;4.19.0&#8243; _module_preset=&#8221;default&#8221; global_colors_info=&#8221;{}&#8221;][et_pb_number_counter title=&#8221;Clients Satisfets&#8221; number=&#8221;1K+&#8221; _builder_version=&#8221;4.27.4&#8243; _module_preset=&#8221;65f63569-3aec-472e-8539-1fe1195bc021&#8243; locked=&#8221;off&#8221; global_colors_info=&#8221;{}&#8221;][\/et_pb_number_counter][\/et_pb_column][et_pb_column type=&#8221;1_4&#8243; _builder_version=&#8221;4.19.0&#8243; _module_preset=&#8221;default&#8221; global_colors_info=&#8221;{}&#8221;][et_pb_number_counter title=&#8221;Artistes&#8221; number=&#8221;100+&#8221; _builder_version=&#8221;4.27.4&#8243; _module_preset=&#8221;65f63569-3aec-472e-8539-1fe1195bc021&#8243; hover_enabled=&#8221;0&#8243; locked=&#8221;off&#8221; global_colors_info=&#8221;{}&#8221; sticky_enabled=&#8221;0&#8243;][\/et_pb_number_counter][\/et_pb_column][\/et_pb_row][\/et_pb_section][et_pb_section fb_built=&#8221;1&#8243; custom_padding_last_edited=&#8221;on|tablet&#8221; admin_label=&#8221;Features&#8221; _builder_version=&#8221;4.20.2&#8243; _module_preset=&#8221;default&#8221; background_color=&#8221;#171717&#8243; custom_padding=&#8221;||120px||false|false&#8221; custom_padding_tablet=&#8221;||60px||false|false&#8221; custom_padding_phone=&#8221;||60px||false|false&#8221; collapsed=&#8221;on&#8221; global_colors_info=&#8221;{}&#8221;][et_pb_row column_structure=&#8221;1_2,1_2&#8243; make_equal=&#8221;on&#8221; _builder_version=&#8221;4.19.1&#8243; _module_preset=&#8221;default&#8221; global_colors_info=&#8221;{}&#8221;][et_pb_column type=&#8221;1_2&#8243; _builder_version=&#8221;4.19.0&#8243; _module_preset=&#8221;default&#8221; custom_padding=&#8221;60px|60px|60px|60px|true|true&#8221; custom_padding_tablet=&#8221;30px|30px|30px|30px|true|true&#8221; custom_padding_phone=&#8221;20px|20px|20px|20px|true|true&#8221; custom_padding_last_edited=&#8221;on|tablet&#8221; border_width_all=&#8221;1px&#8221; border_color_all=&#8221;#3E3E3E&#8221; global_colors_info=&#8221;{}&#8221;][et_pb_text _builder_version=&#8221;4.27.4&#8243; _module_preset=&#8221;3df44b67-b57d-4963-91c3-0781f017f698&#8243; custom_margin=&#8221;||0px||false|false&#8221; global_colors_info=&#8221;{}&#8221;]<\/p>\n<h5>Experi\u00e8ncia<\/h5>\n<p>[\/et_pb_text][et_pb_text _builder_version=&#8221;4.19.0&#8243; _module_preset=&#8221;4c196ce2-1c47-4fa8-a5f2-638b068c1325&#8243; locked=&#8221;off&#8221; global_colors_info=&#8221;{}&#8221;]<\/p>\n<div id=\"comp-igahubrl\" class=\"KaEeLN comp-igahubrl\">\n<div data-mesh-id=\"comp-igahubrlinlineContent\" data-testid=\"inline-content\" class=\"\">\n<div data-mesh-id=\"comp-igahubrlinlineContent-gridContainer\" data-testid=\"mesh-container-content\">\n<div id=\"comp-ig28txpj\" class=\"HcOXKn c9GqVL QxJLC3 lq2cno YQcXTT comp-ig28txpj wixui-rich-text\" data-testid=\"richTextElement\" ariaattributes=\"[object Object]\">\n<p class=\"font_8 wixui-rich-text__text\"><span class=\"wixui-rich-text__text\">Tenim una llarga experi\u00e8ncia al servei de festivals de reconegut prestigi com Sonar, Porta Ferrada, Monegres, El Row, aix\u00ed com en espectacles d&#8217;artistes de renom com Serrat-Sabina, Pablo Albor\u00e1n, David Bisbal, Alexandre Sanz, Mal\u00fa o Manuel Carrasco, entre d&#8217;altres.<\/p>\n<p><\/span><\/p>\n<p style=\"font-weight: 400;\">Amb la nostra<span> <\/span><b><strong>experi\u00e8ncia en muntatge descenaris<\/strong><\/b> , el teu esdeveniment estar\u00e0 en mans dexperts que garanteixen un resultat exit\u00f3s.<\/p>\n<p style=\"font-weight: 400;\"><b><strong>Contacta&#8217;ns i fes que el teu esdeveniment brilli amb un muntatge d&#8217;escenari professional i segur!<\/strong><\/b><\/p>\n<\/div>\n<\/div>\n<\/div>\n<\/div>\n<p>[\/et_pb_text][\/et_pb_column][et_pb_column type=&#8221;1_2&#8243; _builder_version=&#8221;4.19.1&#8243; _module_preset=&#8221;default&#8221; background_color=&#8221;#FFFFFF&#8221; vertical_offset_tablet=&#8221;0px&#8221; vertical_offset_phone=&#8221;0px&#8221; vertical_offset_last_edited=&#8221;off|desktop&#8221; custom_padding=&#8221;60px|60px|60px|60px|true|true&#8221; custom_padding_tablet=&#8221;30px|30px|30px|30px|true|true&#8221; custom_padding_phone=&#8221;20px|20px|20px|20px|true|true&#8221; custom_padding_last_edited=&#8221;on|tablet&#8221; global_colors_info=&#8221;{}&#8221;][et_pb_text _builder_version=&#8221;4.19.0&#8243; _module_preset=&#8221;4c196ce2-1c47-4fa8-a5f2-638b068c1325&#8243; locked=&#8221;off&#8221; global_colors_info=&#8221;{}&#8221;]<\/p>\n<p style=\"font-weight: 400;\"><b><strong>\u00a1M\u00e9s de 20 anys d&#8217;experi\u00e8ncia en el muntatge d&#8217;escenaris per a tot tipus d&#8217;esdeveniments!<\/strong><\/b><\/p>\n<p style=\"font-weight: 400;\">A Energy<span> <\/span><b><strong>On Stage<\/strong><\/b><span> <\/span>comptem amb una \u00e0mplia<span> <\/span><b><strong>experi\u00e8ncia al muntatge d&#8217;escenaris<\/strong><\/b><span> <\/span>per a concerts, festivals, esdeveniments corporatius i m\u00e9s. Som especialistes en oferir solucions completes, segures i personalitzades, adaptades a les necessitats espec\u00edfiques de cada esdeveniment. <\/p>\n<p style=\"font-weight: 400;\"><b><strong>Per qu\u00e8 escollir-nos pel muntatge del teu escenari?<\/strong><\/b><\/p>\n<ul style=\"font-weight: 400;\">\n<li><b><strong>Experi\u00e8ncia comprovada<\/strong><\/b> : Hem treballat en grans esdeveniments i clients de prestigi. Monegres Desert Festival, Sonar, Festival de Portaferrada, Magnific Fest, El Row, Ajuntaments i Productors de tot Catalunya. <\/li>\n<li><b><strong>Equips especialitzats<\/strong><\/b> : El nostre equip de professionals assegura un muntatge r\u00e0pid i segur.<\/li>\n<li><b><strong>Solucions personalitzades<\/strong><\/b> : Adaptem cada escenari a les caracter\u00edstiques de l&#8217;esdeveniment i l&#8217;espai.<\/li>\n<li><b><strong>Material d&#8217;alta qualitat<\/strong><\/b> : Fem servir els millors sistemes d&#8217;estructures modulars com<span> <\/span><b><strong>Layher<\/strong><\/b><span> <\/span>per garantir seguretat i estabilitat.<\/li>\n<li><b><strong>Compliment de normatives de seguretat<\/strong><\/b> : Tots els nostres muntatges compleixen amb els m\u00e9s alts est\u00e0ndards de seguretat.<\/li>\n<\/ul>\n<p style=\"font-weight: 400;\">\n<p>[\/et_pb_text][\/et_pb_column][\/et_pb_row][\/et_pb_section]<\/p>\n","protected":false},"excerpt":{"rendered":"<p>NosaltresEnergy On Stage \u00e9s una empresa de nova creaci\u00f3, tot i que els seus integrants tenen 21 anys d&#8217;experi\u00e8ncia al m\u00f3n de les arts esc\u00e8niques al servei de productors musicals, promotors, administracions p\u00fabliques i particulars. Oferim escenaris, tarimes, grades, tanques, cadires, equipament per a camerinos, etc, i un equip hum\u00e0 que duu a terme el [&hellip;]<\/p>\n","protected":false},"author":4,"featured_media":0,"parent":0,"menu_order":0,"comment_status":"closed","ping_status":"closed","template":"","meta":{"_et_pb_use_builder":"on","_et_pb_old_content":"","_et_gb_content_width":"","footnotes":""},"class_list":["post-302","page","type-page","status-publish","hentry"],"yoast_head":"<!-- This site is optimized with the Yoast SEO plugin v27.4 - https:\/\/yoast.com\/product\/yoast-seo-wordpress\/ -->\n<title>Nosaltres - Energy On Stage<\/title>\n<meta name=\"robots\" content=\"index, follow, max-snippet:-1, max-image-preview:large, max-video-preview:-1\" \/>\n<link rel=\"canonical\" href=\"https:\/\/energyonstage.com\/ca\/nosaltres\/\" \/>\n<meta property=\"og:locale\" content=\"ca_ES\" \/>\n<meta property=\"og:type\" content=\"article\" \/>\n<meta property=\"og:title\" content=\"Nosaltres - Energy On Stage\" \/>\n<meta property=\"og:description\" content=\"NosaltresEnergy On Stage \u00e9s una empresa de nova creaci\u00f3, tot i que els seus integrants tenen 21 anys d&#039;experi\u00e8ncia al m\u00f3n de les arts esc\u00e8niques al servei de productors musicals, promotors, administracions p\u00fabliques i particulars. Oferim escenaris, tarimes, grades, tanques, cadires, equipament per a camerinos, etc, i un equip hum\u00e0 que duu a terme el [&hellip;]\" \/>\n<meta property=\"og:url\" content=\"https:\/\/energyonstage.com\/ca\/nosaltres\/\" \/>\n<meta property=\"og:site_name\" content=\"Energy On Stage\" \/>\n<meta property=\"article:modified_time\" content=\"2025-04-08T08:51:03+00:00\" \/>\n<meta name=\"twitter:card\" content=\"summary_large_image\" \/>\n<meta name=\"twitter:label1\" content=\"Temps estimat de lectura\" \/>\n\t<meta name=\"twitter:data1\" content=\"6 minuts\" \/>\n<script type=\"application\/ld+json\" class=\"yoast-schema-graph\">{\"@context\":\"https:\\\/\\\/schema.org\",\"@graph\":[{\"@type\":\"WebPage\",\"@id\":\"https:\\\/\\\/energyonstage.com\\\/ca\\\/nosaltres\\\/\",\"url\":\"https:\\\/\\\/energyonstage.com\\\/ca\\\/nosaltres\\\/\",\"name\":\"Nosaltres - Energy On Stage\",\"isPartOf\":{\"@id\":\"https:\\\/\\\/energyonstage.com\\\/ca\\\/#website\"},\"datePublished\":\"2025-04-01T09:38:27+00:00\",\"dateModified\":\"2025-04-08T08:51:03+00:00\",\"breadcrumb\":{\"@id\":\"https:\\\/\\\/energyonstage.com\\\/ca\\\/nosaltres\\\/#breadcrumb\"},\"inLanguage\":\"ca\",\"potentialAction\":[{\"@type\":\"ReadAction\",\"target\":[\"https:\\\/\\\/energyonstage.com\\\/ca\\\/nosaltres\\\/\"]}]},{\"@type\":\"BreadcrumbList\",\"@id\":\"https:\\\/\\\/energyonstage.com\\\/ca\\\/nosaltres\\\/#breadcrumb\",\"itemListElement\":[{\"@type\":\"ListItem\",\"position\":1,\"name\":\"Home\",\"item\":\"https:\\\/\\\/energyonstage.com\\\/ca\\\/inici\\\/\"},{\"@type\":\"ListItem\",\"position\":2,\"name\":\"Nosaltres\"}]},{\"@type\":\"WebSite\",\"@id\":\"https:\\\/\\\/energyonstage.com\\\/ca\\\/#website\",\"url\":\"https:\\\/\\\/energyonstage.com\\\/ca\\\/\",\"name\":\"Energy On Stage\",\"description\":\"\",\"potentialAction\":[{\"@type\":\"SearchAction\",\"target\":{\"@type\":\"EntryPoint\",\"urlTemplate\":\"https:\\\/\\\/energyonstage.com\\\/ca\\\/?s={search_term_string}\"},\"query-input\":{\"@type\":\"PropertyValueSpecification\",\"valueRequired\":true,\"valueName\":\"search_term_string\"}}],\"inLanguage\":\"ca\"}]}<\/script>\n<!-- \/ Yoast SEO plugin. -->","yoast_head_json":{"title":"Nosaltres - Energy On Stage","robots":{"index":"index","follow":"follow","max-snippet":"max-snippet:-1","max-image-preview":"max-image-preview:large","max-video-preview":"max-video-preview:-1"},"canonical":"https:\/\/energyonstage.com\/ca\/nosaltres\/","og_locale":"ca_ES","og_type":"article","og_title":"Nosaltres - Energy On Stage","og_description":"NosaltresEnergy On Stage \u00e9s una empresa de nova creaci\u00f3, tot i que els seus integrants tenen 21 anys d'experi\u00e8ncia al m\u00f3n de les arts esc\u00e8niques al servei de productors musicals, promotors, administracions p\u00fabliques i particulars. Oferim escenaris, tarimes, grades, tanques, cadires, equipament per a camerinos, etc, i un equip hum\u00e0 que duu a terme el [&hellip;]","og_url":"https:\/\/energyonstage.com\/ca\/nosaltres\/","og_site_name":"Energy On Stage","article_modified_time":"2025-04-08T08:51:03+00:00","twitter_card":"summary_large_image","twitter_misc":{"Temps estimat de lectura":"6 minuts"},"schema":{"@context":"https:\/\/schema.org","@graph":[{"@type":"WebPage","@id":"https:\/\/energyonstage.com\/ca\/nosaltres\/","url":"https:\/\/energyonstage.com\/ca\/nosaltres\/","name":"Nosaltres - Energy On Stage","isPartOf":{"@id":"https:\/\/energyonstage.com\/ca\/#website"},"datePublished":"2025-04-01T09:38:27+00:00","dateModified":"2025-04-08T08:51:03+00:00","breadcrumb":{"@id":"https:\/\/energyonstage.com\/ca\/nosaltres\/#breadcrumb"},"inLanguage":"ca","potentialAction":[{"@type":"ReadAction","target":["https:\/\/energyonstage.com\/ca\/nosaltres\/"]}]},{"@type":"BreadcrumbList","@id":"https:\/\/energyonstage.com\/ca\/nosaltres\/#breadcrumb","itemListElement":[{"@type":"ListItem","position":1,"name":"Home","item":"https:\/\/energyonstage.com\/ca\/inici\/"},{"@type":"ListItem","position":2,"name":"Nosaltres"}]},{"@type":"WebSite","@id":"https:\/\/energyonstage.com\/ca\/#website","url":"https:\/\/energyonstage.com\/ca\/","name":"Energy On Stage","description":"","potentialAction":[{"@type":"SearchAction","target":{"@type":"EntryPoint","urlTemplate":"https:\/\/energyonstage.com\/ca\/?s={search_term_string}"},"query-input":{"@type":"PropertyValueSpecification","valueRequired":true,"valueName":"search_term_string"}}],"inLanguage":"ca"}]}},"_links":{"self":[{"href":"https:\/\/energyonstage.com\/ca\/wp-json\/wp\/v2\/pages\/302","targetHints":{"allow":["GET"]}}],"collection":[{"href":"https:\/\/energyonstage.com\/ca\/wp-json\/wp\/v2\/pages"}],"about":[{"href":"https:\/\/energyonstage.com\/ca\/wp-json\/wp\/v2\/types\/page"}],"author":[{"embeddable":true,"href":"https:\/\/energyonstage.com\/ca\/wp-json\/wp\/v2\/users\/4"}],"replies":[{"embeddable":true,"href":"https:\/\/energyonstage.com\/ca\/wp-json\/wp\/v2\/comments?post=302"}],"version-history":[{"count":2,"href":"https:\/\/energyonstage.com\/ca\/wp-json\/wp\/v2\/pages\/302\/revisions"}],"predecessor-version":[{"id":304,"href":"https:\/\/energyonstage.com\/ca\/wp-json\/wp\/v2\/pages\/302\/revisions\/304"}],"wp:attachment":[{"href":"https:\/\/energyonstage.com\/ca\/wp-json\/wp\/v2\/media?parent=302"}],"curies":[{"name":"wp","href":"https:\/\/api.w.org\/{rel}","templated":true}]}}