{"id":307,"date":"2025-03-31T09:25:28","date_gmt":"2025-03-31T09:25:28","guid":{"rendered":"https:\/\/energyonstage.com\/pagina-dexemple\/"},"modified":"2025-04-08T09:09:31","modified_gmt":"2025-04-08T09:09:31","slug":"pagina-dexemple","status":"publish","type":"page","link":"https:\/\/energyonstage.com\/ca\/pagina-dexemple\/","title":{"rendered":"P\u00e0gina d&#8217;exemple"},"content":{"rendered":"\n<p>Aquesta \u00e9s una p\u00e0gina d&#8217;exemple. \u00c9s diferent d&#8217;una entrada de blog perqu\u00e8 es quedar\u00e0 en un lloc fix i apareixer\u00e0 a la navegaci\u00f3 del teu lloc (en la majoria de temes). La majoria de la gent comen\u00e7a amb una p\u00e0gina &#8220;Sobre nosaltres&#8221; que els presenta als visitants potencials del lloc. Podria dir alguna cosa aix\u00ed:<\/p>\n\n<blockquote class=\"wp-block-quote is-layout-flow wp-block-quote-is-layout-flow\"><p>Hola! S\u00f3c missatger en bicicleta de dia, actor en pot\u00e8ncia de nit, i aquest \u00e9s el meu lloc web. Visc a Los Angeles, tinc un gran gos anomenat Jack, i m&#8217;agraden les pi\u00f1a coladas. (I tamb\u00e9 quedar-me atrapat sota la pluja.)<\/p><\/blockquote>\n\n<p>&#8230;o alguna cosa aix\u00ed:<\/p>\n\n<blockquote class=\"wp-block-quote is-layout-flow wp-block-quote-is-layout-flow\"><p>La companyia XYZ Doohickey es va fundar el 1971 i des de llavors ha estat proporcionant doohickeys de qualitat al p\u00fablic. Situada a Gotham City, XYZ emplea m\u00e9s de 2.000 persones i fa tot tipus de coses incre\u00efbles per a la comunitat de Gotham.<\/p><\/blockquote>\n\n<p>Com a nou usuari de WordPress, hauries d&#8217;anar al <a href=\"https:\/\/energyonstage.com\/home\/energyonstage.com\/public_html\/wp-admin\/\">teu tauler de control<\/a> per eliminar aquesta p\u00e0gina i crear noves p\u00e0gines per al teu contingut. \u00a1Que t&#8217;ho passis b\u00e9!<\/p>\n","protected":false},"excerpt":{"rendered":"<p>Aquesta \u00e9s una p\u00e0gina d&#8217;exemple. \u00c9s diferent d&#8217;una entrada de blog perqu\u00e8 es quedar\u00e0 en un lloc fix i apareixer\u00e0 a la navegaci\u00f3 del teu lloc (en la majoria de temes). La majoria de la gent comen\u00e7a amb una p\u00e0gina &#8220;Sobre nosaltres&#8221; que els presenta als visitants potencials del lloc. Podria dir alguna cosa aix\u00ed: [&hellip;]<\/p>\n","protected":false},"author":4,"featured_media":0,"parent":0,"menu_order":0,"comment_status":"closed","ping_status":"open","template":"","meta":{"_et_pb_use_builder":"","_et_pb_old_content":"","_et_gb_content_width":"","footnotes":""},"class_list":["post-307","page","type-page","status-publish","hentry"],"yoast_head":"<!-- This site is optimized with the Yoast SEO plugin v27.5 - https:\/\/yoast.com\/product\/yoast-seo-wordpress\/ -->\n<title>P\u00e0gina d&#039;exemple - Energy On Stage<\/title>\n<meta name=\"robots\" content=\"index, follow, max-snippet:-1, max-image-preview:large, max-video-preview:-1\" \/>\n<link rel=\"canonical\" href=\"https:\/\/energyonstage.com\/ca\/pagina-dexemple\/\" \/>\n<meta property=\"og:locale\" content=\"ca_ES\" \/>\n<meta property=\"og:type\" content=\"article\" \/>\n<meta property=\"og:title\" content=\"P\u00e0gina d&#039;exemple - Energy On Stage\" \/>\n<meta property=\"og:description\" content=\"Aquesta \u00e9s una p\u00e0gina d&#8217;exemple. \u00c9s diferent d&#8217;una entrada de blog perqu\u00e8 es quedar\u00e0 en un lloc fix i apareixer\u00e0 a la navegaci\u00f3 del teu lloc (en la majoria de temes). La majoria de la gent comen\u00e7a amb una p\u00e0gina &#8220;Sobre nosaltres&#8221; que els presenta als visitants potencials del lloc. Podria dir alguna cosa aix\u00ed: [&hellip;]\" \/>\n<meta property=\"og:url\" content=\"https:\/\/energyonstage.com\/ca\/pagina-dexemple\/\" \/>\n<meta property=\"og:site_name\" content=\"Energy On Stage\" \/>\n<meta property=\"article:modified_time\" content=\"2025-04-08T09:09:31+00:00\" \/>\n<meta name=\"twitter:card\" content=\"summary_large_image\" \/>\n<meta name=\"twitter:label1\" content=\"Temps estimat de lectura\" \/>\n\t<meta name=\"twitter:data1\" content=\"1 minut\" \/>\n<script type=\"application\/ld+json\" class=\"yoast-schema-graph\">{\"@context\":\"https:\\\/\\\/schema.org\",\"@graph\":[{\"@type\":\"WebPage\",\"@id\":\"https:\\\/\\\/energyonstage.com\\\/ca\\\/pagina-dexemple\\\/\",\"url\":\"https:\\\/\\\/energyonstage.com\\\/ca\\\/pagina-dexemple\\\/\",\"name\":\"P\u00e0gina d'exemple - Energy On Stage\",\"isPartOf\":{\"@id\":\"https:\\\/\\\/energyonstage.com\\\/ca\\\/#website\"},\"datePublished\":\"2025-03-31T09:25:28+00:00\",\"dateModified\":\"2025-04-08T09:09:31+00:00\",\"breadcrumb\":{\"@id\":\"https:\\\/\\\/energyonstage.com\\\/ca\\\/pagina-dexemple\\\/#breadcrumb\"},\"inLanguage\":\"ca\",\"potentialAction\":[{\"@type\":\"ReadAction\",\"target\":[\"https:\\\/\\\/energyonstage.com\\\/ca\\\/pagina-dexemple\\\/\"]}]},{\"@type\":\"BreadcrumbList\",\"@id\":\"https:\\\/\\\/energyonstage.com\\\/ca\\\/pagina-dexemple\\\/#breadcrumb\",\"itemListElement\":[{\"@type\":\"ListItem\",\"position\":1,\"name\":\"Home\",\"item\":\"https:\\\/\\\/energyonstage.com\\\/ca\\\/\"},{\"@type\":\"ListItem\",\"position\":2,\"name\":\"P\u00e0gina d&#8217;exemple\"}]},{\"@type\":\"WebSite\",\"@id\":\"https:\\\/\\\/energyonstage.com\\\/ca\\\/#website\",\"url\":\"https:\\\/\\\/energyonstage.com\\\/ca\\\/\",\"name\":\"Energy On Stage\",\"description\":\"\",\"potentialAction\":[{\"@type\":\"SearchAction\",\"target\":{\"@type\":\"EntryPoint\",\"urlTemplate\":\"https:\\\/\\\/energyonstage.com\\\/ca\\\/?s={search_term_string}\"},\"query-input\":{\"@type\":\"PropertyValueSpecification\",\"valueRequired\":true,\"valueName\":\"search_term_string\"}}],\"inLanguage\":\"ca\"}]}<\/script>\n<!-- \/ Yoast SEO plugin. -->","yoast_head_json":{"title":"P\u00e0gina d'exemple - Energy On Stage","robots":{"index":"index","follow":"follow","max-snippet":"max-snippet:-1","max-image-preview":"max-image-preview:large","max-video-preview":"max-video-preview:-1"},"canonical":"https:\/\/energyonstage.com\/ca\/pagina-dexemple\/","og_locale":"ca_ES","og_type":"article","og_title":"P\u00e0gina d'exemple - Energy On Stage","og_description":"Aquesta \u00e9s una p\u00e0gina d&#8217;exemple. \u00c9s diferent d&#8217;una entrada de blog perqu\u00e8 es quedar\u00e0 en un lloc fix i apareixer\u00e0 a la navegaci\u00f3 del teu lloc (en la majoria de temes). La majoria de la gent comen\u00e7a amb una p\u00e0gina &#8220;Sobre nosaltres&#8221; que els presenta als visitants potencials del lloc. Podria dir alguna cosa aix\u00ed: [&hellip;]","og_url":"https:\/\/energyonstage.com\/ca\/pagina-dexemple\/","og_site_name":"Energy On Stage","article_modified_time":"2025-04-08T09:09:31+00:00","twitter_card":"summary_large_image","twitter_misc":{"Temps estimat de lectura":"1 minut"},"schema":{"@context":"https:\/\/schema.org","@graph":[{"@type":"WebPage","@id":"https:\/\/energyonstage.com\/ca\/pagina-dexemple\/","url":"https:\/\/energyonstage.com\/ca\/pagina-dexemple\/","name":"P\u00e0gina d'exemple - Energy On Stage","isPartOf":{"@id":"https:\/\/energyonstage.com\/ca\/#website"},"datePublished":"2025-03-31T09:25:28+00:00","dateModified":"2025-04-08T09:09:31+00:00","breadcrumb":{"@id":"https:\/\/energyonstage.com\/ca\/pagina-dexemple\/#breadcrumb"},"inLanguage":"ca","potentialAction":[{"@type":"ReadAction","target":["https:\/\/energyonstage.com\/ca\/pagina-dexemple\/"]}]},{"@type":"BreadcrumbList","@id":"https:\/\/energyonstage.com\/ca\/pagina-dexemple\/#breadcrumb","itemListElement":[{"@type":"ListItem","position":1,"name":"Home","item":"https:\/\/energyonstage.com\/ca\/"},{"@type":"ListItem","position":2,"name":"P\u00e0gina d&#8217;exemple"}]},{"@type":"WebSite","@id":"https:\/\/energyonstage.com\/ca\/#website","url":"https:\/\/energyonstage.com\/ca\/","name":"Energy On Stage","description":"","potentialAction":[{"@type":"SearchAction","target":{"@type":"EntryPoint","urlTemplate":"https:\/\/energyonstage.com\/ca\/?s={search_term_string}"},"query-input":{"@type":"PropertyValueSpecification","valueRequired":true,"valueName":"search_term_string"}}],"inLanguage":"ca"}]}},"_links":{"self":[{"href":"https:\/\/energyonstage.com\/ca\/wp-json\/wp\/v2\/pages\/307","targetHints":{"allow":["GET"]}}],"collection":[{"href":"https:\/\/energyonstage.com\/ca\/wp-json\/wp\/v2\/pages"}],"about":[{"href":"https:\/\/energyonstage.com\/ca\/wp-json\/wp\/v2\/types\/page"}],"author":[{"embeddable":true,"href":"https:\/\/energyonstage.com\/ca\/wp-json\/wp\/v2\/users\/4"}],"replies":[{"embeddable":true,"href":"https:\/\/energyonstage.com\/ca\/wp-json\/wp\/v2\/comments?post=307"}],"version-history":[{"count":1,"href":"https:\/\/energyonstage.com\/ca\/wp-json\/wp\/v2\/pages\/307\/revisions"}],"predecessor-version":[{"id":308,"href":"https:\/\/energyonstage.com\/ca\/wp-json\/wp\/v2\/pages\/307\/revisions\/308"}],"wp:attachment":[{"href":"https:\/\/energyonstage.com\/ca\/wp-json\/wp\/v2\/media?parent=307"}],"curies":[{"name":"wp","href":"https:\/\/api.w.org\/{rel}","templated":true}]}}